{"id":333,"date":"2022-05-24T14:03:39","date_gmt":"2022-05-24T14:03:39","guid":{"rendered":"http:\/\/bozza17.popover.online\/?page_id=333"},"modified":"2025-06-18T14:48:22","modified_gmt":"2025-06-18T14:48:22","slug":"chi-siamo","status":"publish","type":"page","link":"https:\/\/wpeventi.it\/en\/chi-siamo\/","title":{"rendered":"About Us"},"content":{"rendered":"<p>[et_pb_section fb_built=&#8221;1&#8243; _builder_version=&#8221;4.17.6&#8243; _module_preset=&#8221;default&#8221; background_image=&#8221;http:\/\/wpeventi.it\/wp-content\/uploads\/2022\/05\/2Bowlroseministabilizzate_893fx-e1658836566745.jpg&#8221; parallax=&#8221;on&#8221; min_height=&#8221;50vh&#8221; min_height_tablet=&#8221;50vh&#8221; min_height_phone=&#8221;35vh&#8221; min_height_last_edited=&#8221;on|desktop&#8221; custom_css_main_element=&#8221;display:flex&#8221; global_colors_info=&#8221;{}&#8221;][\/et_pb_section][et_pb_section fb_built=&#8221;1&#8243; _builder_version=&#8221;4.17.6&#8243; _module_preset=&#8221;default&#8221; global_colors_info=&#8221;{}&#8221;][et_pb_row _builder_version=&#8221;4.17.6&#8243; _module_preset=&#8221;default&#8221; width=&#8221;79.8%&#8221; global_colors_info=&#8221;{}&#8221; custom_padding=&#8221;45px|||||&#8221;][et_pb_column type=&#8221;4_4&#8243; _builder_version=&#8221;4.17.6&#8243; _module_preset=&#8221;default&#8221; global_colors_info=&#8221;{}&#8221;][et_pb_text _builder_version=&#8221;4.27.4&#8243; _module_preset=&#8221;default&#8221; text_font=&#8221;||on||||||&#8221; text_text_color=&#8221;#000000&#8243; text_orientation=&#8221;center&#8221; custom_margin=&#8221;||40px||false|false&#8221; custom_padding=&#8221;17px||22px|||&#8221; global_colors_info=&#8221;{}&#8221;]<\/p>\n<p><span style=\"font-size: medium; font-family: inherit;\"><span style=\"font-weight: normal;\"><em><span style=\"font-size: large;\">Un\u2019anima creativa, una passione floreale, una visione senza tempo<\/span><\/em><\/span><strong>.<br \/><\/strong><\/span><br data-start=\"621\" data-end=\"624\" \/><span style=\"font-family: inherit; font-weight: normal;\">Dopo oltre vent\u2019anni nel mondo della comunicazione e dell\u2019organizzazione eventi per clienti istituzionali e privati,<\/span><br \/><span style=\"font-family: inherit; font-weight: normal;\">ho scelto di trasformare la mia esperienza in un progetto che unisce estetica, emozione e durabilit\u00e0.<\/span><br \/><span style=\"font-family: inherit; font-weight: normal;\">Nasce cos\u00ec <strong data-start=\"855\" data-end=\"870\">D\u00e9co Fleurs<\/strong>, un atelier nel cuore di Roma, in Via Tacito 86, dedicato alla creazione di composizioni floreali<\/span><br \/><span style=\"font-family: inherit; font-weight: normal;\">con <strong data-start=\"973\" data-end=\"1041\">fiori artificiali di altissima qualit\u00e0 e fiori veri stabilizzati<\/strong>. Ogni creazione nasce dall\u2019equilibrio tra arte e natura,<\/span><br \/><span style=\"font-family: inherit; font-weight: normal;\">pensata per decorare con eleganza senza tempo spazi privati, ambienti professionali o eventi speciali.<\/span><br data-start=\"1202\" data-end=\"1205\" \/><span style=\"font-family: inherit; font-weight: normal;\">Credo in una bellezza che non sfiorisce e in fiori capaci di raccontare emozioni, giorno dopo giorno.<\/span><\/p>\n<p style=\"text-align: center;\"><span style=\"font-family: inherit; font-weight: normal;\"><strong data-start=\"1309\" data-end=\"1328\">Sandra Balducci<\/strong><\/span><br data-start=\"1328\" data-end=\"1331\" \/><span style=\"font-family: inherit; font-weight: normal;\">Fondatrice di D\u00e9co Fleurs<\/span><\/p>\n<p>[\/et_pb_text][et_pb_text _builder_version=&#8221;4.17.4&#8243; _module_preset=&#8221;default&#8221; text_font=&#8221;||on||||||&#8221; text_text_color=&#8221;#000000&#8243; text_orientation=&#8221;center&#8221; custom_margin=&#8221;||40px||false|false&#8221; custom_padding=&#8221;1px|||||&#8221; inline_fonts=&#8221;Work Sans&#8221; global_colors_info=&#8221;{}&#8221;][\/et_pb_text][et_pb_text _builder_version=&#8221;4.17.4&#8243; _module_preset=&#8221;default&#8221; text_font=&#8221;||on||||||&#8221; text_text_color=&#8221;#000000&#8243; text_orientation=&#8221;center&#8221; custom_margin=&#8221;||40px||false|false&#8221; custom_padding=&#8221;1px|||||&#8221; inline_fonts=&#8221;Work Sans&#8221; global_colors_info=&#8221;{}&#8221;]<\/p>\n<ol>\n<li data-start=\"1309\" data-end=\"1356\"><\/li>\n<\/ol>\n<p>[\/et_pb_text][wdcl_image_carousel _builder_version=&#8221;4.17.6&#8243; _module_preset=&#8221;default&#8221; global_colors_info=&#8221;{}&#8221;][wdcl_image_carousel_child photo=&#8221;http:\/\/wpeventi.it\/wp-content\/uploads\/2022\/05\/sandra_balducci_j9ykm.jpg&#8221; _builder_version=&#8221;4.17.4&#8243; _module_preset=&#8221;default&#8221; global_colors_info=&#8221;{}&#8221;][\/wdcl_image_carousel_child][wdcl_image_carousel_child photo=&#8221;http:\/\/wpeventi.it\/wp-content\/uploads\/2022\/05\/Sandra-Balducci-Fiori-Eventi2_5e34x_5nf3r-scaled.jpg&#8221; _builder_version=&#8221;4.17.4&#8243; _module_preset=&#8221;default&#8221; global_colors_info=&#8221;{}&#8221;][\/wdcl_image_carousel_child][wdcl_image_carousel_child photo=&#8221;http:\/\/wpeventi.it\/wp-content\/uploads\/2022\/05\/Sandra-Balducci-Fiori-Eventi1_pczks_ky7r3-scaled.jpg&#8221; _builder_version=&#8221;4.17.4&#8243; _module_preset=&#8221;default&#8221; global_colors_info=&#8221;{}&#8221;][\/wdcl_image_carousel_child][\/wdcl_image_carousel][\/et_pb_column][\/et_pb_row][\/et_pb_section]<\/p>\n","protected":false},"excerpt":{"rendered":"<p>Un\u2019anima creativa, una passione floreale, una visione senza tempo.Dopo oltre vent\u2019anni nel mondo della comunicazione e dell\u2019organizzazione eventi per clienti istituzionali e privati,ho scelto di trasformare la mia esperienza in un progetto che unisce estetica, emozione e durabilit\u00e0.Nasce cos\u00ec D\u00e9co Fleurs, un atelier nel cuore di Roma, in Via Tacito 86, dedicato alla creazione di [&hellip;]<\/p>\n","protected":false},"author":1,"featured_media":0,"parent":0,"menu_order":0,"comment_status":"closed","ping_status":"closed","template":"","meta":{"_et_pb_use_builder":"on","_et_pb_old_content":"","_et_gb_content_width":"","footnotes":""},"class_list":["post-333","page","type-page","status-publish","hentry"],"yoast_head":"<!-- This site is optimized with the Yoast SEO plugin v27.4 - https:\/\/yoast.com\/product\/yoast-seo-wordpress\/ -->\n<title>Chi Siamo - D\u00e9co Fleurs Fiori Artificiali<\/title>\n<meta name=\"robots\" content=\"index, follow, max-snippet:-1, max-image-preview:large, max-video-preview:-1\" \/>\n<link rel=\"canonical\" href=\"https:\/\/wpeventi.it\/en\/chi-siamo\/\" \/>\n<meta property=\"og:locale\" content=\"en_GB\" \/>\n<meta property=\"og:type\" content=\"article\" \/>\n<meta property=\"og:title\" content=\"Chi Siamo - D\u00e9co Fleurs Fiori Artificiali\" \/>\n<meta property=\"og:description\" content=\"Un\u2019anima creativa, una passione floreale, una visione senza tempo.Dopo oltre vent\u2019anni nel mondo della comunicazione e dell\u2019organizzazione eventi per clienti istituzionali e privati,ho scelto di trasformare la mia esperienza in un progetto che unisce estetica, emozione e durabilit\u00e0.Nasce cos\u00ec D\u00e9co Fleurs, un atelier nel cuore di Roma, in Via Tacito 86, dedicato alla creazione di [&hellip;]\" \/>\n<meta property=\"og:url\" content=\"https:\/\/wpeventi.it\/en\/chi-siamo\/\" \/>\n<meta property=\"og:site_name\" content=\"D\u00e9co Fleurs Fiori Artificiali\" \/>\n<meta property=\"article:publisher\" content=\"https:\/\/www.facebook.com\/FioriArtificialiRoma\/\" \/>\n<meta property=\"article:modified_time\" content=\"2025-06-18T14:48:22+00:00\" \/>\n<meta name=\"twitter:card\" content=\"summary_large_image\" \/>\n<meta name=\"twitter:label1\" content=\"Estimated reading time\" \/>\n\t<meta name=\"twitter:data1\" content=\"2 minutes\" \/>\n<script type=\"application\/ld+json\" class=\"yoast-schema-graph\">{\"@context\":\"https:\\\/\\\/schema.org\",\"@graph\":[{\"@type\":\"WebPage\",\"@id\":\"https:\\\/\\\/wpeventi.it\\\/chi-siamo\\\/\",\"url\":\"https:\\\/\\\/wpeventi.it\\\/chi-siamo\\\/\",\"name\":\"Chi Siamo - D\u00e9co Fleurs Fiori Artificiali\",\"isPartOf\":{\"@id\":\"https:\\\/\\\/wpeventi.it\\\/#website\"},\"datePublished\":\"2022-05-24T14:03:39+00:00\",\"dateModified\":\"2025-06-18T14:48:22+00:00\",\"breadcrumb\":{\"@id\":\"https:\\\/\\\/wpeventi.it\\\/chi-siamo\\\/#breadcrumb\"},\"inLanguage\":\"en-GB\",\"potentialAction\":[{\"@type\":\"ReadAction\",\"target\":[\"https:\\\/\\\/wpeventi.it\\\/chi-siamo\\\/\"]}]},{\"@type\":\"BreadcrumbList\",\"@id\":\"https:\\\/\\\/wpeventi.it\\\/chi-siamo\\\/#breadcrumb\",\"itemListElement\":[{\"@type\":\"ListItem\",\"position\":1,\"name\":\"Home\",\"item\":\"https:\\\/\\\/wpeventi.it\\\/\"},{\"@type\":\"ListItem\",\"position\":2,\"name\":\"Chi Siamo\"}]},{\"@type\":\"WebSite\",\"@id\":\"https:\\\/\\\/wpeventi.it\\\/#website\",\"url\":\"https:\\\/\\\/wpeventi.it\\\/\",\"name\":\"D\u00e9co Fleurs Fiori Artificiali\",\"description\":\"FIORI ARTIFICIALI Real Touch di altissima qualit\u00e0 che garantiscono un effetto permanente di straordinaria efficacia in grado di arredare il tuo habitat.\",\"publisher\":{\"@id\":\"https:\\\/\\\/wpeventi.it\\\/#organization\"},\"potentialAction\":[{\"@type\":\"SearchAction\",\"target\":{\"@type\":\"EntryPoint\",\"urlTemplate\":\"https:\\\/\\\/wpeventi.it\\\/?s={search_term_string}\"},\"query-input\":{\"@type\":\"PropertyValueSpecification\",\"valueRequired\":true,\"valueName\":\"search_term_string\"}}],\"inLanguage\":\"en-GB\"},{\"@type\":\"Organization\",\"@id\":\"https:\\\/\\\/wpeventi.it\\\/#organization\",\"name\":\"D\u00e9co Fleurs Fiori Artificiali\",\"url\":\"https:\\\/\\\/wpeventi.it\\\/\",\"logo\":{\"@type\":\"ImageObject\",\"inLanguage\":\"en-GB\",\"@id\":\"https:\\\/\\\/wpeventi.it\\\/#\\\/schema\\\/logo\\\/image\\\/\",\"url\":\"https:\\\/\\\/wpeventi.it\\\/wp-content\\\/uploads\\\/2022\\\/05\\\/Logo_Deco_Fleurs_Roma2_copia_410x.webp\",\"contentUrl\":\"https:\\\/\\\/wpeventi.it\\\/wp-content\\\/uploads\\\/2022\\\/05\\\/Logo_Deco_Fleurs_Roma2_copia_410x.webp\",\"width\":398,\"height\":182,\"caption\":\"D\u00e9co Fleurs Fiori Artificiali\"},\"image\":{\"@id\":\"https:\\\/\\\/wpeventi.it\\\/#\\\/schema\\\/logo\\\/image\\\/\"},\"sameAs\":[\"https:\\\/\\\/www.facebook.com\\\/FioriArtificialiRoma\\\/\",\"https:\\\/\\\/www.instagram.com\\\/decofleursroma\\\/?hl=it\",\"https:\\\/\\\/www.pinterest.fr\\\/DecoFleursRoma\\\/\"]}]}<\/script>\n<!-- \/ Yoast SEO plugin. -->","yoast_head_json":{"title":"Chi Siamo - D\u00e9co Fleurs Fiori Artificiali","robots":{"index":"index","follow":"follow","max-snippet":"max-snippet:-1","max-image-preview":"max-image-preview:large","max-video-preview":"max-video-preview:-1"},"canonical":"https:\/\/wpeventi.it\/en\/chi-siamo\/","og_locale":"en_GB","og_type":"article","og_title":"Chi Siamo - D\u00e9co Fleurs Fiori Artificiali","og_description":"Un\u2019anima creativa, una passione floreale, una visione senza tempo.Dopo oltre vent\u2019anni nel mondo della comunicazione e dell\u2019organizzazione eventi per clienti istituzionali e privati,ho scelto di trasformare la mia esperienza in un progetto che unisce estetica, emozione e durabilit\u00e0.Nasce cos\u00ec D\u00e9co Fleurs, un atelier nel cuore di Roma, in Via Tacito 86, dedicato alla creazione di [&hellip;]","og_url":"https:\/\/wpeventi.it\/en\/chi-siamo\/","og_site_name":"D\u00e9co Fleurs Fiori Artificiali","article_publisher":"https:\/\/www.facebook.com\/FioriArtificialiRoma\/","article_modified_time":"2025-06-18T14:48:22+00:00","twitter_card":"summary_large_image","twitter_misc":{"Estimated reading time":"2 minutes"},"schema":{"@context":"https:\/\/schema.org","@graph":[{"@type":"WebPage","@id":"https:\/\/wpeventi.it\/chi-siamo\/","url":"https:\/\/wpeventi.it\/chi-siamo\/","name":"Chi Siamo - D\u00e9co Fleurs Fiori Artificiali","isPartOf":{"@id":"https:\/\/wpeventi.it\/#website"},"datePublished":"2022-05-24T14:03:39+00:00","dateModified":"2025-06-18T14:48:22+00:00","breadcrumb":{"@id":"https:\/\/wpeventi.it\/chi-siamo\/#breadcrumb"},"inLanguage":"en-GB","potentialAction":[{"@type":"ReadAction","target":["https:\/\/wpeventi.it\/chi-siamo\/"]}]},{"@type":"BreadcrumbList","@id":"https:\/\/wpeventi.it\/chi-siamo\/#breadcrumb","itemListElement":[{"@type":"ListItem","position":1,"name":"Home","item":"https:\/\/wpeventi.it\/"},{"@type":"ListItem","position":2,"name":"Chi Siamo"}]},{"@type":"WebSite","@id":"https:\/\/wpeventi.it\/#website","url":"https:\/\/wpeventi.it\/","name":"D\u00e9co Fleurs Fiori Artificiali","description":"FIORI ARTIFICIALI Real Touch di altissima qualit\u00e0 che garantiscono un effetto permanente di straordinaria efficacia in grado di arredare il tuo habitat.","publisher":{"@id":"https:\/\/wpeventi.it\/#organization"},"potentialAction":[{"@type":"SearchAction","target":{"@type":"EntryPoint","urlTemplate":"https:\/\/wpeventi.it\/?s={search_term_string}"},"query-input":{"@type":"PropertyValueSpecification","valueRequired":true,"valueName":"search_term_string"}}],"inLanguage":"en-GB"},{"@type":"Organization","@id":"https:\/\/wpeventi.it\/#organization","name":"D\u00e9co Fleurs Fiori Artificiali","url":"https:\/\/wpeventi.it\/","logo":{"@type":"ImageObject","inLanguage":"en-GB","@id":"https:\/\/wpeventi.it\/#\/schema\/logo\/image\/","url":"https:\/\/wpeventi.it\/wp-content\/uploads\/2022\/05\/Logo_Deco_Fleurs_Roma2_copia_410x.webp","contentUrl":"https:\/\/wpeventi.it\/wp-content\/uploads\/2022\/05\/Logo_Deco_Fleurs_Roma2_copia_410x.webp","width":398,"height":182,"caption":"D\u00e9co Fleurs Fiori Artificiali"},"image":{"@id":"https:\/\/wpeventi.it\/#\/schema\/logo\/image\/"},"sameAs":["https:\/\/www.facebook.com\/FioriArtificialiRoma\/","https:\/\/www.instagram.com\/decofleursroma\/?hl=it","https:\/\/www.pinterest.fr\/DecoFleursRoma\/"]}]}},"_links":{"self":[{"href":"https:\/\/wpeventi.it\/en\/wp-json\/wp\/v2\/pages\/333","targetHints":{"allow":["GET"]}}],"collection":[{"href":"https:\/\/wpeventi.it\/en\/wp-json\/wp\/v2\/pages"}],"about":[{"href":"https:\/\/wpeventi.it\/en\/wp-json\/wp\/v2\/types\/page"}],"author":[{"embeddable":true,"href":"https:\/\/wpeventi.it\/en\/wp-json\/wp\/v2\/users\/1"}],"replies":[{"embeddable":true,"href":"https:\/\/wpeventi.it\/en\/wp-json\/wp\/v2\/comments?post=333"}],"version-history":[{"count":10,"href":"https:\/\/wpeventi.it\/en\/wp-json\/wp\/v2\/pages\/333\/revisions"}],"predecessor-version":[{"id":718,"href":"https:\/\/wpeventi.it\/en\/wp-json\/wp\/v2\/pages\/333\/revisions\/718"}],"wp:attachment":[{"href":"https:\/\/wpeventi.it\/en\/wp-json\/wp\/v2\/media?parent=333"}],"curies":[{"name":"wp","href":"https:\/\/api.w.org\/{rel}","templated":true}]}}