{"id":293,"date":"2022-05-24T13:02:24","date_gmt":"2022-05-24T13:02:24","guid":{"rendered":"http:\/\/bozza17.popover.online\/?page_id=293"},"modified":"2022-07-26T11:53:02","modified_gmt":"2022-07-26T11:53:02","slug":"pareti-vegetali","status":"publish","type":"page","link":"https:\/\/wpeventi.it\/en\/pareti-vegetali\/","title":{"rendered":"Green Walls"},"content":{"rendered":"<p>[et_pb_section fb_built=&#8221;1&#8243; _builder_version=&#8221;4.17.6&#8243; _module_preset=&#8221;default&#8221; background_image=&#8221;http:\/\/wpeventi.it\/wp-content\/uploads\/2022\/05\/Pareti-vegetali-im-e1658836357278.jpg&#8221; parallax=&#8221;on&#8221; min_height=&#8221;50vh&#8221; min_height_tablet=&#8221;50vh&#8221; min_height_phone=&#8221;35vh&#8221; min_height_last_edited=&#8221;on|desktop&#8221; hover_enabled=&#8221;0&#8243; custom_css_main_element=&#8221;display:flex&#8221; global_colors_info=&#8221;{}&#8221; alt=&#8221;Pareti vegetali&#8221; title_text=&#8221;Pareti vegetali&#8221; sticky_enabled=&#8221;0&#8243;][\/et_pb_section][et_pb_section fb_built=&#8221;1&#8243; _builder_version=&#8221;4.17.4&#8243; _module_preset=&#8221;default&#8221; global_colors_info=&#8221;{}&#8221;][et_pb_row _builder_version=&#8221;4.17.6&#8243; _module_preset=&#8221;default&#8221; global_colors_info=&#8221;{}&#8221;][et_pb_column type=&#8221;4_4&#8243; _builder_version=&#8221;4.17.6&#8243; _module_preset=&#8221;default&#8221; global_colors_info=&#8221;{}&#8221;][et_pb_text _builder_version=&#8221;4.17.4&#8243; _module_preset=&#8221;default&#8221; header_font=&#8221;|||on|||||&#8221; header_text_align=&#8221;center&#8221; header_letter_spacing=&#8221;5px&#8221; module_alignment=&#8221;center&#8221; custom_css_main_element=&#8221;width: fit-content;||margin-left:auto;||margin-right:auto;&#8221; global_colors_info=&#8221;{}&#8221;]<\/p>\n<h1>Pareti vegetali<\/h1>\n<p>[\/et_pb_text][et_pb_text _builder_version=&#8221;4.17.4&#8243; _module_preset=&#8221;default&#8221; text_font=&#8221;||on||||||&#8221; text_text_color=&#8221;#000000&#8243; text_orientation=&#8221;center&#8221; global_colors_info=&#8221;{}&#8221;]<\/p>\n<p>Pareti di verde stabilizzato utilizzato principalmente per gli ambienti interni per gli outdoor utilizziamo il verde artificiale resistente agli UVA.<\/p>\n<p>[\/et_pb_text][\/et_pb_column][\/et_pb_row][et_pb_row column_structure=&#8221;3_5,2_5&#8243; _builder_version=&#8221;4.17.6&#8243; _module_preset=&#8221;default&#8221; custom_margin=&#8221;||||false|false&#8221; global_colors_info=&#8221;{}&#8221;][et_pb_column type=&#8221;3_5&#8243; _builder_version=&#8221;4.17.4&#8243; _module_preset=&#8221;default&#8221; global_colors_info=&#8221;{}&#8221;][wdcl_image_carousel nav_pagi=&#8221;none&#8221; slide_count=&#8221;2&#8243; _builder_version=&#8221;4.17.4&#8243; _module_preset=&#8221;default&#8221; global_colors_info=&#8221;{}&#8221;][wdcl_image_carousel_child photo=&#8221;http:\/\/wpeventi.it\/wp-content\/uploads\/2022\/05\/LICHENEEMUSCHIOSTABILIZZATODECOFLEURS_wdeqn.jpeg&#8221; image_height=&#8221;400px&#8221; _builder_version=&#8221;4.17.4&#8243; _module_preset=&#8221;default&#8221; global_colors_info=&#8221;{}&#8221;][\/wdcl_image_carousel_child][wdcl_image_carousel_child photo=&#8221;http:\/\/wpeventi.it\/wp-content\/uploads\/2022\/05\/MISTOVERDESTABILIZZATO50X50DECOFLERUS2_hp67g.jpeg&#8221; image_height=&#8221;400px&#8221; _builder_version=&#8221;4.17.4&#8243; _module_preset=&#8221;default&#8221; global_colors_info=&#8221;{}&#8221;][\/wdcl_image_carousel_child][wdcl_image_carousel_child photo=&#8221;http:\/\/wpeventi.it\/wp-content\/uploads\/2022\/05\/PARETESTABILIZZATODECOFLEURS_j7p5y.jpeg&#8221; image_height=&#8221;400px&#8221; _builder_version=&#8221;4.17.4&#8243; _module_preset=&#8221;default&#8221; global_colors_info=&#8221;{}&#8221;][\/wdcl_image_carousel_child][wdcl_image_carousel_child photo=&#8221;http:\/\/wpeventi.it\/wp-content\/uploads\/2022\/05\/PARETEVERDESTABILIZZATO_prtva.jpeg&#8221; image_height=&#8221;400px&#8221; _builder_version=&#8221;4.17.4&#8243; _module_preset=&#8221;default&#8221; global_colors_info=&#8221;{}&#8221;][\/wdcl_image_carousel_child][wdcl_image_carousel_child photo=&#8221;http:\/\/wpeventi.it\/wp-content\/uploads\/2022\/05\/VERDESTABILIZZATOWALLMOSSDECOFLEURS_7rbq6.jpeg&#8221; image_height=&#8221;400px&#8221; _builder_version=&#8221;4.17.4&#8243; _module_preset=&#8221;default&#8221; global_colors_info=&#8221;{}&#8221;][\/wdcl_image_carousel_child][\/wdcl_image_carousel][\/et_pb_column][et_pb_column type=&#8221;2_5&#8243; _builder_version=&#8221;4.17.4&#8243; _module_preset=&#8221;default&#8221; global_colors_info=&#8221;{}&#8221;][et_pb_text _builder_version=&#8221;4.17.4&#8243; _module_preset=&#8221;default&#8221; header_2_font=&#8221;|500||on|||||&#8221; header_2_letter_spacing=&#8221;5px&#8221; global_colors_info=&#8221;{}&#8221;]<\/p>\n<h2>Giardino Verticale con verde stabilizzato<\/h2>\n<p>[\/et_pb_text][et_pb_text _builder_version=&#8221;4.17.4&#8243; _module_preset=&#8221;default&#8221; global_colors_info=&#8221;{}&#8221;]<\/p>\n<p>Le pareti di verde stabilizzato sono realizzate con piante naturali trattate e che durano molti anni. Le piante stabilizzate sono adatte solo per ambienti interni in quanto sono molto sensibili all&#8217;umidit\u00e0 e alla luce diretta del sole. Non necessitano di alcuna manutenzione nonostante siano al 100% naturali.<br \/>Decidi le dimensioni del pannello e D\u00e9co Fleurs realizzer\u00e0 per te un giardino verticale.<br \/>Richiedi un preventivo scrivici a: <a href=\"mailto:info@decofleurs.it\" target=\"_blank\" rel=\"noopener\">info@decofleurs.it<\/a><\/p>\n<p>[\/et_pb_text][\/et_pb_column][\/et_pb_row][et_pb_row column_structure=&#8221;2_5,3_5&#8243; _builder_version=&#8221;4.17.4&#8243; _module_preset=&#8221;default&#8221; custom_margin=&#8221;45px|auto||auto||&#8221; global_colors_info=&#8221;{}&#8221;][et_pb_column type=&#8221;2_5&#8243; _builder_version=&#8221;4.17.4&#8243; _module_preset=&#8221;default&#8221; global_colors_info=&#8221;{}&#8221;][et_pb_text _builder_version=&#8221;4.17.4&#8243; _module_preset=&#8221;default&#8221; header_2_font=&#8221;|500||on|||||&#8221; header_2_letter_spacing=&#8221;5px&#8221; global_colors_info=&#8221;{}&#8221;]<\/p>\n<h2>Giardino Verticale<\/h2>\n<p>[\/et_pb_text][et_pb_text _builder_version=&#8221;4.17.4&#8243; _module_preset=&#8221;default&#8221; global_colors_info=&#8221;{}&#8221;]<\/p>\n<p>La tendenza negli ultimi anni \u00e8 quella di utilizzare i pannelli di verde vegetale artificiale per decorare qualsiasi parete esterna: del tuo giardino, del terrazzo o l&#8217;esterno della tua attivit\u00e0 su strada. D\u00e9co Fleurs utilizza materiali che sono resistenti ai raggi UVA, in modo da ridurre il pi\u00f9 possibile il rischio che i colori si possano alterare con l&#8217;eccessiva esposizione al sole.<\/p>\n<p>[\/et_pb_text][\/et_pb_column][et_pb_column type=&#8221;3_5&#8243; _builder_version=&#8221;4.17.4&#8243; _module_preset=&#8221;default&#8221; global_colors_info=&#8221;{}&#8221;][wdcl_image_carousel nav_pagi=&#8221;none&#8221; slide_count=&#8221;2&#8243; _builder_version=&#8221;4.17.4&#8243; _module_preset=&#8221;default&#8221; global_colors_info=&#8221;{}&#8221;][wdcl_image_carousel_child photo=&#8221;http:\/\/wpeventi.it\/wp-content\/uploads\/2022\/05\/DecoFleursRoma_whcbu.jpg&#8221; image_height=&#8221;400px&#8221; _builder_version=&#8221;4.17.4&#8243; _module_preset=&#8221;default&#8221; global_colors_info=&#8221;{}&#8221;][\/wdcl_image_carousel_child][wdcl_image_carousel_child photo=&#8221;http:\/\/wpeventi.it\/wp-content\/uploads\/2022\/05\/PannellogiardinoverticaledecoFleurs3_5jts2.jpg&#8221; image_height=&#8221;400px&#8221; _builder_version=&#8221;4.17.4&#8243; _module_preset=&#8221;default&#8221; global_colors_info=&#8221;{}&#8221;][\/wdcl_image_carousel_child][wdcl_image_carousel_child photo=&#8221;http:\/\/wpeventi.it\/wp-content\/uploads\/2022\/05\/PARETEVEGETALEARTIFICIALEDECOFLEURS2_evznj.jpeg&#8221; image_height=&#8221;400px&#8221; _builder_version=&#8221;4.17.4&#8243; _module_preset=&#8221;default&#8221; global_colors_info=&#8221;{}&#8221;][\/wdcl_image_carousel_child][wdcl_image_carousel_child photo=&#8221;http:\/\/wpeventi.it\/wp-content\/uploads\/2022\/05\/RISTORANTEHONOPANNELLOVEGETALE_hs89t.jpeg&#8221; image_height=&#8221;400px&#8221; _builder_version=&#8221;4.17.4&#8243; _module_preset=&#8221;default&#8221; global_colors_info=&#8221;{}&#8221;][\/wdcl_image_carousel_child][\/wdcl_image_carousel][\/et_pb_column][\/et_pb_row][\/et_pb_section]<\/p>\n","protected":false},"excerpt":{"rendered":"<p>Pareti vegetaliPareti di verde stabilizzato utilizzato principalmente per gli ambienti interni per gli outdoor utilizziamo il verde artificiale resistente agli UVA.<div class=\"et_pb_module wdcl_image_carousel wdcl_image_carousel_0\">\n\t\t\t\t\n\t\t\t\t\n\t\t\t\t\n\t\t\t\t\n\t\t\t\t\n\t\t\t\t\n\t\t\t\t<div class=\"et_pb_module_inner\">\n\t\t\t\t\t<div dir=\"ltr\" class=\"dcf-container dcf-carousel-maker dcf-lightbox-disabled\" data-pagi=\"false\"\n\t\t\tdata-pagi-tablet=\"false\"\n\t\t\tdata-pagi-phone=\"false\"\n\t\t\tdata-nav=\"false\"\n\t\t\tdata-nav-tablet=\"false\"\n\t\t\tdata-nav-phone=\"false\"\n\t\t\tdata-autoplay=\"on\"\n\t\t\tdata-autoplay-speed=\"2000ms\"\n\t\t\tdata-speed=\"700ms\"\n\t\t\tdata-slides=\"2\"\n\t\t\tdata-slides-tablet=\"2\"\n\t\t\tdata-slides-phone=\"2\"\n\t\t\tdata-center=\"off\"\n\t\t\tdata-center-mode-type=\"classic\"\n\t\t\tdata-center-padding=\"70px||\"\n\t\t\tdata-vertical=\"off\"\n\t\t\tdata-icon-left=\"4\"\n\t\t\tdata-icon-right=\"5\"\n\t\t\tdata-infinite=\"on\"\n\t\t\tdata-variable-width=\"off\"\n\t\t\tdata-auto-height=\"off\"\n\t\t\tdata-items-scroll=\"1||\"\n\t\t\tdata-fade=\"off\"\n\t\t\tdata-dir=\"ltr\">\n                <div class=\"wdcl_image_carousel_child wdcl_image_carousel_child_0 wdc_et_pb_module\">\n\t\t\t\t\n\t\t\t\t\n\t\t\t\t\n\t\t\t\t\n\t\t\t\t\n\t\t\t\t\n\t\t\t\t<div class=\"et_pb_module_inner\">\n\t\t\t\t\t<div class=\"dcf-carousel-item dcf-image-swap dcf-hover--none\">\n\t\t\t\t<figure class=\"dcf-lightbox-ctrl\">\n\t\t\t\t<div class=\"dcf-overlay\" data-icon=\"\"><\/div>\n\t\t\t\t<img decoding=\"async\" class=\"dcf-main-img\" data-mfp-src=\"http:\/\/wpeventi.it\/wp-content\/uploads\/2022\/05\/LICHENEEMUSCHIOSTABILIZZATODECOFLEURS_wdeqn.jpeg\" src=\"http:\/\/wpeventi.it\/wp-content\/uploads\/2022\/05\/LICHENEEMUSCHIOSTABILIZZATODECOFLEURS_wdeqn.jpeg\" alt=\"\"\/>\n            <\/figure> \n\t\t\t<\/div>\n\t\t\t\t<\/div>\n\t\t\t<\/div><div class=\"wdcl_image_carousel_child wdcl_image_carousel_child_1 wdc_et_pb_module\">\n\t\t\t\t\n\t\t\t\t\n\t\t\t\t\n\t\t\t\t\n\t\t\t\t\n\t\t\t\t\n\t\t\t\t<div class=\"et_pb_module_inner\">\n\t\t\t\t\t<div class=\"dcf-carousel-item dcf-image-swap dcf-hover--none\">\n\t\t\t\t<figure class=\"dcf-lightbox-ctrl\">\n\t\t\t\t<div class=\"dcf-overlay\" data-icon=\"\"><\/div>\n\t\t\t\t<img decoding=\"async\" class=\"dcf-main-img\" data-mfp-src=\"http:\/\/wpeventi.it\/wp-content\/uploads\/2022\/05\/MISTOVERDESTABILIZZATO50X50DECOFLERUS2_hp67g.jpeg\" src=\"http:\/\/wpeventi.it\/wp-content\/uploads\/2022\/05\/MISTOVERDESTABILIZZATO50X50DECOFLERUS2_hp67g.jpeg\" alt=\"\"\/>\n            <\/figure> \n\t\t\t<\/div>\n\t\t\t\t<\/div>\n\t\t\t<\/div><div class=\"wdcl_image_carousel_child wdcl_image_carousel_child_2 wdc_et_pb_module\">\n\t\t\t\t\n\t\t\t\t\n\t\t\t\t\n\t\t\t\t\n\t\t\t\t\n\t\t\t\t\n\t\t\t\t<div class=\"et_pb_module_inner\">\n\t\t\t\t\t<div class=\"dcf-carousel-item dcf-image-swap dcf-hover--none\">\n\t\t\t\t<figure class=\"dcf-lightbox-ctrl\">\n\t\t\t\t<div class=\"dcf-overlay\" data-icon=\"\"><\/div>\n\t\t\t\t<img decoding=\"async\" class=\"dcf-main-img\" data-mfp-src=\"http:\/\/wpeventi.it\/wp-content\/uploads\/2022\/05\/PARETESTABILIZZATODECOFLEURS_j7p5y.jpeg\" src=\"http:\/\/wpeventi.it\/wp-content\/uploads\/2022\/05\/PARETESTABILIZZATODECOFLEURS_j7p5y.jpeg\" alt=\"\"\/>\n            <\/figure> \n\t\t\t<\/div>\n\t\t\t\t<\/div>\n\t\t\t<\/div><div class=\"wdcl_image_carousel_child wdcl_image_carousel_child_3 wdc_et_pb_module\">\n\t\t\t\t\n\t\t\t\t\n\t\t\t\t\n\t\t\t\t\n\t\t\t\t\n\t\t\t\t\n\t\t\t\t<div class=\"et_pb_module_inner\">\n\t\t\t\t\t<div class=\"dcf-carousel-item dcf-image-swap dcf-hover--none\">\n\t\t\t\t<figure class=\"dcf-lightbox-ctrl\">\n\t\t\t\t<div class=\"dcf-overlay\" data-icon=\"\"><\/div>\n\t\t\t\t<img decoding=\"async\" class=\"dcf-main-img\" data-mfp-src=\"http:\/\/wpeventi.it\/wp-content\/uploads\/2022\/05\/PARETEVERDESTABILIZZATO_prtva.jpeg\" src=\"http:\/\/wpeventi.it\/wp-content\/uploads\/2022\/05\/PARETEVERDESTABILIZZATO_prtva.jpeg\" alt=\"\"\/>\n            <\/figure> \n\t\t\t<\/div>\n\t\t\t\t<\/div>\n\t\t\t<\/div><div class=\"wdcl_image_carousel_child wdcl_image_carousel_child_4 wdc_et_pb_module\">\n\t\t\t\t\n\t\t\t\t\n\t\t\t\t\n\t\t\t\t\n\t\t\t\t\n\t\t\t\t\n\t\t\t\t<div class=\"et_pb_module_inner\">\n\t\t\t\t\t<div class=\"dcf-carousel-item dcf-image-swap dcf-hover--none\">\n\t\t\t\t<figure class=\"dcf-lightbox-ctrl\">\n\t\t\t\t<div class=\"dcf-overlay\" data-icon=\"\"><\/div>\n\t\t\t\t<img decoding=\"async\" class=\"dcf-main-img\" data-mfp-src=\"http:\/\/wpeventi.it\/wp-content\/uploads\/2022\/05\/VERDESTABILIZZATOWALLMOSSDECOFLEURS_7rbq6.jpeg\" src=\"http:\/\/wpeventi.it\/wp-content\/uploads\/2022\/05\/VERDESTABILIZZATOWALLMOSSDECOFLEURS_7rbq6.jpeg\" alt=\"\"\/>\n            <\/figure> \n\t\t\t<\/div>\n\t\t\t\t<\/div>\n\t\t\t<\/div>\n            <\/div>\n\t\t\t\t<\/div>\n\t\t\t<\/div>Giardino Verticale con verde stabilizzatoLe [&hellip;]<\/p>\n","protected":false},"author":1,"featured_media":0,"parent":0,"menu_order":0,"comment_status":"closed","ping_status":"closed","template":"","meta":{"_et_pb_use_builder":"on","_et_pb_old_content":"","_et_gb_content_width":"","footnotes":""},"class_list":["post-293","page","type-page","status-publish","hentry"],"yoast_head":"<!-- This site is optimized with the Yoast SEO plugin v27.4 - https:\/\/yoast.com\/product\/yoast-seo-wordpress\/ -->\n<title>Pareti vegetali - D\u00e9co Fleurs Fiori Artificiali<\/title>\n<meta name=\"robots\" content=\"index, follow, max-snippet:-1, max-image-preview:large, max-video-preview:-1\" \/>\n<link rel=\"canonical\" href=\"https:\/\/wpeventi.it\/en\/pareti-vegetali\/\" \/>\n<meta property=\"og:locale\" content=\"en_GB\" \/>\n<meta property=\"og:type\" content=\"article\" \/>\n<meta property=\"og:title\" content=\"Pareti vegetali - D\u00e9co Fleurs Fiori Artificiali\" \/>\n<meta property=\"og:description\" content=\"Pareti vegetaliPareti di verde stabilizzato utilizzato principalmente per gli ambienti interni per gli outdoor utilizziamo il verde artificiale resistente agli UVA.Giardino Verticale con verde stabilizzatoLe [&hellip;]\" \/>\n<meta property=\"og:url\" content=\"https:\/\/wpeventi.it\/en\/pareti-vegetali\/\" \/>\n<meta property=\"og:site_name\" content=\"D\u00e9co Fleurs Fiori Artificiali\" \/>\n<meta property=\"article:publisher\" content=\"https:\/\/www.facebook.com\/FioriArtificialiRoma\/\" \/>\n<meta property=\"article:modified_time\" content=\"2022-07-26T11:53:02+00:00\" \/>\n<meta name=\"twitter:card\" content=\"summary_large_image\" \/>\n<meta name=\"twitter:label1\" content=\"Estimated reading time\" \/>\n\t<meta name=\"twitter:data1\" content=\"4 minutes\" \/>\n<script type=\"application\/ld+json\" class=\"yoast-schema-graph\">{\"@context\":\"https:\\\/\\\/schema.org\",\"@graph\":[{\"@type\":\"WebPage\",\"@id\":\"https:\\\/\\\/wpeventi.it\\\/pareti-vegetali\\\/\",\"url\":\"https:\\\/\\\/wpeventi.it\\\/pareti-vegetali\\\/\",\"name\":\"Pareti vegetali - D\u00e9co Fleurs Fiori Artificiali\",\"isPartOf\":{\"@id\":\"https:\\\/\\\/wpeventi.it\\\/#website\"},\"datePublished\":\"2022-05-24T13:02:24+00:00\",\"dateModified\":\"2022-07-26T11:53:02+00:00\",\"breadcrumb\":{\"@id\":\"https:\\\/\\\/wpeventi.it\\\/pareti-vegetali\\\/#breadcrumb\"},\"inLanguage\":\"en-GB\",\"potentialAction\":[{\"@type\":\"ReadAction\",\"target\":[\"https:\\\/\\\/wpeventi.it\\\/pareti-vegetali\\\/\"]}]},{\"@type\":\"BreadcrumbList\",\"@id\":\"https:\\\/\\\/wpeventi.it\\\/pareti-vegetali\\\/#breadcrumb\",\"itemListElement\":[{\"@type\":\"ListItem\",\"position\":1,\"name\":\"Home\",\"item\":\"https:\\\/\\\/wpeventi.it\\\/\"},{\"@type\":\"ListItem\",\"position\":2,\"name\":\"Pareti vegetali\"}]},{\"@type\":\"WebSite\",\"@id\":\"https:\\\/\\\/wpeventi.it\\\/#website\",\"url\":\"https:\\\/\\\/wpeventi.it\\\/\",\"name\":\"D\u00e9co Fleurs Fiori Artificiali\",\"description\":\"FIORI ARTIFICIALI Real Touch di altissima qualit\u00e0 che garantiscono un effetto permanente di straordinaria efficacia in grado di arredare il tuo habitat.\",\"publisher\":{\"@id\":\"https:\\\/\\\/wpeventi.it\\\/#organization\"},\"potentialAction\":[{\"@type\":\"SearchAction\",\"target\":{\"@type\":\"EntryPoint\",\"urlTemplate\":\"https:\\\/\\\/wpeventi.it\\\/?s={search_term_string}\"},\"query-input\":{\"@type\":\"PropertyValueSpecification\",\"valueRequired\":true,\"valueName\":\"search_term_string\"}}],\"inLanguage\":\"en-GB\"},{\"@type\":\"Organization\",\"@id\":\"https:\\\/\\\/wpeventi.it\\\/#organization\",\"name\":\"D\u00e9co Fleurs Fiori Artificiali\",\"url\":\"https:\\\/\\\/wpeventi.it\\\/\",\"logo\":{\"@type\":\"ImageObject\",\"inLanguage\":\"en-GB\",\"@id\":\"https:\\\/\\\/wpeventi.it\\\/#\\\/schema\\\/logo\\\/image\\\/\",\"url\":\"https:\\\/\\\/wpeventi.it\\\/wp-content\\\/uploads\\\/2022\\\/05\\\/Logo_Deco_Fleurs_Roma2_copia_410x.webp\",\"contentUrl\":\"https:\\\/\\\/wpeventi.it\\\/wp-content\\\/uploads\\\/2022\\\/05\\\/Logo_Deco_Fleurs_Roma2_copia_410x.webp\",\"width\":398,\"height\":182,\"caption\":\"D\u00e9co Fleurs Fiori Artificiali\"},\"image\":{\"@id\":\"https:\\\/\\\/wpeventi.it\\\/#\\\/schema\\\/logo\\\/image\\\/\"},\"sameAs\":[\"https:\\\/\\\/www.facebook.com\\\/FioriArtificialiRoma\\\/\",\"https:\\\/\\\/www.instagram.com\\\/decofleursroma\\\/?hl=it\",\"https:\\\/\\\/www.pinterest.fr\\\/DecoFleursRoma\\\/\"]}]}<\/script>\n<!-- \/ Yoast SEO plugin. -->","yoast_head_json":{"title":"Pareti vegetali - D\u00e9co Fleurs Fiori Artificiali","robots":{"index":"index","follow":"follow","max-snippet":"max-snippet:-1","max-image-preview":"max-image-preview:large","max-video-preview":"max-video-preview:-1"},"canonical":"https:\/\/wpeventi.it\/en\/pareti-vegetali\/","og_locale":"en_GB","og_type":"article","og_title":"Pareti vegetali - D\u00e9co Fleurs Fiori Artificiali","og_description":"Pareti vegetaliPareti di verde stabilizzato utilizzato principalmente per gli ambienti interni per gli outdoor utilizziamo il verde artificiale resistente agli UVA.Giardino Verticale con verde stabilizzatoLe [&hellip;]","og_url":"https:\/\/wpeventi.it\/en\/pareti-vegetali\/","og_site_name":"D\u00e9co Fleurs Fiori Artificiali","article_publisher":"https:\/\/www.facebook.com\/FioriArtificialiRoma\/","article_modified_time":"2022-07-26T11:53:02+00:00","twitter_card":"summary_large_image","twitter_misc":{"Estimated reading time":"4 minutes"},"schema":{"@context":"https:\/\/schema.org","@graph":[{"@type":"WebPage","@id":"https:\/\/wpeventi.it\/pareti-vegetali\/","url":"https:\/\/wpeventi.it\/pareti-vegetali\/","name":"Pareti vegetali - D\u00e9co Fleurs Fiori Artificiali","isPartOf":{"@id":"https:\/\/wpeventi.it\/#website"},"datePublished":"2022-05-24T13:02:24+00:00","dateModified":"2022-07-26T11:53:02+00:00","breadcrumb":{"@id":"https:\/\/wpeventi.it\/pareti-vegetali\/#breadcrumb"},"inLanguage":"en-GB","potentialAction":[{"@type":"ReadAction","target":["https:\/\/wpeventi.it\/pareti-vegetali\/"]}]},{"@type":"BreadcrumbList","@id":"https:\/\/wpeventi.it\/pareti-vegetali\/#breadcrumb","itemListElement":[{"@type":"ListItem","position":1,"name":"Home","item":"https:\/\/wpeventi.it\/"},{"@type":"ListItem","position":2,"name":"Pareti vegetali"}]},{"@type":"WebSite","@id":"https:\/\/wpeventi.it\/#website","url":"https:\/\/wpeventi.it\/","name":"D\u00e9co Fleurs Fiori Artificiali","description":"FIORI ARTIFICIALI Real Touch di altissima qualit\u00e0 che garantiscono un effetto permanente di straordinaria efficacia in grado di arredare il tuo habitat.","publisher":{"@id":"https:\/\/wpeventi.it\/#organization"},"potentialAction":[{"@type":"SearchAction","target":{"@type":"EntryPoint","urlTemplate":"https:\/\/wpeventi.it\/?s={search_term_string}"},"query-input":{"@type":"PropertyValueSpecification","valueRequired":true,"valueName":"search_term_string"}}],"inLanguage":"en-GB"},{"@type":"Organization","@id":"https:\/\/wpeventi.it\/#organization","name":"D\u00e9co Fleurs Fiori Artificiali","url":"https:\/\/wpeventi.it\/","logo":{"@type":"ImageObject","inLanguage":"en-GB","@id":"https:\/\/wpeventi.it\/#\/schema\/logo\/image\/","url":"https:\/\/wpeventi.it\/wp-content\/uploads\/2022\/05\/Logo_Deco_Fleurs_Roma2_copia_410x.webp","contentUrl":"https:\/\/wpeventi.it\/wp-content\/uploads\/2022\/05\/Logo_Deco_Fleurs_Roma2_copia_410x.webp","width":398,"height":182,"caption":"D\u00e9co Fleurs Fiori Artificiali"},"image":{"@id":"https:\/\/wpeventi.it\/#\/schema\/logo\/image\/"},"sameAs":["https:\/\/www.facebook.com\/FioriArtificialiRoma\/","https:\/\/www.instagram.com\/decofleursroma\/?hl=it","https:\/\/www.pinterest.fr\/DecoFleursRoma\/"]}]}},"_links":{"self":[{"href":"https:\/\/wpeventi.it\/en\/wp-json\/wp\/v2\/pages\/293","targetHints":{"allow":["GET"]}}],"collection":[{"href":"https:\/\/wpeventi.it\/en\/wp-json\/wp\/v2\/pages"}],"about":[{"href":"https:\/\/wpeventi.it\/en\/wp-json\/wp\/v2\/types\/page"}],"author":[{"embeddable":true,"href":"https:\/\/wpeventi.it\/en\/wp-json\/wp\/v2\/users\/1"}],"replies":[{"embeddable":true,"href":"https:\/\/wpeventi.it\/en\/wp-json\/wp\/v2\/comments?post=293"}],"version-history":[{"count":16,"href":"https:\/\/wpeventi.it\/en\/wp-json\/wp\/v2\/pages\/293\/revisions"}],"predecessor-version":[{"id":451,"href":"https:\/\/wpeventi.it\/en\/wp-json\/wp\/v2\/pages\/293\/revisions\/451"}],"wp:attachment":[{"href":"https:\/\/wpeventi.it\/en\/wp-json\/wp\/v2\/media?parent=293"}],"curies":[{"name":"wp","href":"https:\/\/api.w.org\/{rel}","templated":true}]}}