{"id":245,"date":"2022-05-24T12:44:28","date_gmt":"2022-05-24T12:44:28","guid":{"rendered":"http:\/\/bozza17.popover.online\/?page_id=245"},"modified":"2025-06-19T10:55:33","modified_gmt":"2025-06-19T10:55:33","slug":"fiori-stabilizzati","status":"publish","type":"page","link":"https:\/\/wpeventi.it\/en\/fiori-stabilizzati\/","title":{"rendered":"Preserved Flowers"},"content":{"rendered":"<p>[et_pb_section fb_built=&#8221;1&#8243; _builder_version=&#8221;4.17.6&#8243; _module_preset=&#8221;default&#8221; background_image=&#8221;http:\/\/wpeventi.it\/wp-content\/uploads\/2022\/08\/bouquet-rose-stabilizzate-copia-scaled-e1659539140919.jpeg&#8221; parallax=&#8221;on&#8221; min_height=&#8221;50vh&#8221; min_height_tablet=&#8221;50vh&#8221; min_height_phone=&#8221;35vh&#8221; min_height_last_edited=&#8221;on|phone&#8221; custom_css_main_element=&#8221;display:flex&#8221; global_colors_info=&#8221;{}&#8221;][\/et_pb_section][et_pb_section fb_built=&#8221;1&#8243; _builder_version=&#8221;4.17.4&#8243; _module_preset=&#8221;default&#8221; custom_padding=&#8221;||0px||false|false&#8221; global_colors_info=&#8221;{}&#8221;][et_pb_row _builder_version=&#8221;4.17.4&#8243; _module_preset=&#8221;default&#8221; global_colors_info=&#8221;{}&#8221;][et_pb_column type=&#8221;4_4&#8243; _builder_version=&#8221;4.17.4&#8243; _module_preset=&#8221;default&#8221; global_colors_info=&#8221;{}&#8221;][et_pb_text _builder_version=&#8221;4.17.4&#8243; _module_preset=&#8221;default&#8221; header_font=&#8221;|||on|||||&#8221; header_text_align=&#8221;center&#8221; header_letter_spacing=&#8221;5px&#8221; module_alignment=&#8221;center&#8221; custom_css_main_element=&#8221;width: fit-content;||margin-left:auto;||margin-right:auto;&#8221; global_colors_info=&#8221;{}&#8221;]<\/p>\n<h1>Fiori Stabilizzati<\/h1>\n<p>[\/et_pb_text][et_pb_text _builder_version=&#8221;4.17.4&#8243; _module_preset=&#8221;default&#8221; text_font=&#8221;||on||||||&#8221; text_text_color=&#8221;#000000&#8243; text_orientation=&#8221;center&#8221; custom_padding=&#8221;4px||5px|||&#8221; global_colors_info=&#8221;{}&#8221;]<\/p>\n<p><strong><span style=\"font-size: large;\">Bellezza Naturale che Dura nel Tempo<\/span><\/strong><\/p>\n<p>[\/et_pb_text][et_pb_text _builder_version=&#8221;4.24.3&#8243; _module_preset=&#8221;default&#8221; text_orientation=&#8221;center&#8221; custom_margin=&#8221;||0px||false|false&#8221; custom_padding=&#8221;22px||0px||false|false&#8221; global_colors_info=&#8221;{}&#8221;]<\/p>\n<p data-start=\"107\" data-end=\"317\">I fiori stabilizzati D\u00e9co Fleurs sono veri fiori, trattati con un esclusivo processo che ne conserva intatta la bellezza per anni. Morbidi al tatto, impeccabili alla vista, non richiedono acqua n\u00e9 manutenzione. Basta evitare luce diretta e umidit\u00e0. <br \/>Una delicata spolverata ogni tanto ne manterr\u00e0 intatto lo splendore.<\/p>\n<p data-start=\"427\" data-end=\"538\">Ogni composizione, creata su misura nel nostro atelier di Roma, \u00e8 un raffinato omaggio alla natura senza tempo.<\/p>\n<p data-start=\"427\" data-end=\"538\">\n<p data-start=\"427\" data-end=\"538\"><span style=\"font-size: large;\">Scopri la nostra selezione esclusiva nello <span style=\"color: #1a0851;\"><strong><a href=\"https:\/\/www.decofleurs.it\/?srsltid=AfmBOopnk2OBmWEtrxEOwefLlWkLOMWClYSiCY0BtewD8DzMOwbybgy-\" style=\"color: #1a0851;\">shop online<\/a><\/strong>.<\/span><\/span><\/p>\n<p>[\/et_pb_text][\/et_pb_column][\/et_pb_row][\/et_pb_section][et_pb_section fb_built=&#8221;1&#8243; _builder_version=&#8221;4.17.4&#8243; _module_preset=&#8221;default&#8221; custom_padding=&#8221;0px||||false|false&#8221; global_colors_info=&#8221;{}&#8221;][et_pb_row _builder_version=&#8221;4.17.4&#8243; _module_preset=&#8221;default&#8221; global_colors_info=&#8221;{}&#8221;][et_pb_column type=&#8221;4_4&#8243; _builder_version=&#8221;4.17.4&#8243; _module_preset=&#8221;default&#8221; global_colors_info=&#8221;{}&#8221;][et_pb_gallery gallery_ids=&#8221;684,641,685,670,662,652,689,690,694,686,696,667,668,695,693,666,669,663,651,564,698,249,250,252,262,253,254,257,259,255,258,260,261,266,256,265,490,264,263,269,268,480,270,271,484,485,486,488,487,489,494,493,508,498,491,495,496,497,502,504,503,492,499,272,507,501,500,509,505,483,580,251,267,581,582,583&#8243; posts_number=&#8221;12&#8243; _builder_version=&#8221;4.27.4&#8243; _module_preset=&#8221;default&#8221; global_colors_info=&#8221;{}&#8221;][\/et_pb_gallery][\/et_pb_column][\/et_pb_row][\/et_pb_section]<\/p>\n","protected":false},"excerpt":{"rendered":"<p>Fiori StabilizzatiBellezza Naturale che Dura nel TempoI fiori stabilizzati D\u00e9co Fleurs sono veri fiori, trattati con un esclusivo processo che ne conserva intatta la bellezza per anni. Morbidi al tatto, impeccabili alla vista, non richiedono acqua n\u00e9 manutenzione. Basta evitare luce diretta e umidit\u00e0. Una delicata spolverata ogni tanto ne manterr\u00e0 intatto lo splendore. Ogni [&hellip;]<\/p>\n","protected":false},"author":1,"featured_media":0,"parent":0,"menu_order":0,"comment_status":"closed","ping_status":"closed","template":"","meta":{"_et_pb_use_builder":"on","_et_pb_old_content":"","_et_gb_content_width":"","footnotes":""},"class_list":["post-245","page","type-page","status-publish","hentry"],"yoast_head":"<!-- This site is optimized with the Yoast SEO plugin v27.4 - https:\/\/yoast.com\/product\/yoast-seo-wordpress\/ -->\n<title>Fiori Stabilizzati - D\u00e9co Fleurs Fiori Artificiali<\/title>\n<meta name=\"robots\" content=\"index, follow, max-snippet:-1, max-image-preview:large, max-video-preview:-1\" \/>\n<link rel=\"canonical\" href=\"https:\/\/wpeventi.it\/en\/fiori-stabilizzati\/\" \/>\n<meta property=\"og:locale\" content=\"en_GB\" \/>\n<meta property=\"og:type\" content=\"article\" \/>\n<meta property=\"og:title\" content=\"Fiori Stabilizzati - D\u00e9co Fleurs Fiori Artificiali\" \/>\n<meta property=\"og:description\" content=\"Fiori StabilizzatiBellezza Naturale che Dura nel TempoI fiori stabilizzati D\u00e9co Fleurs sono veri fiori, trattati con un esclusivo processo che ne conserva intatta la bellezza per anni. Morbidi al tatto, impeccabili alla vista, non richiedono acqua n\u00e9 manutenzione. Basta evitare luce diretta e umidit\u00e0. Una delicata spolverata ogni tanto ne manterr\u00e0 intatto lo splendore. Ogni [&hellip;]\" \/>\n<meta property=\"og:url\" content=\"https:\/\/wpeventi.it\/en\/fiori-stabilizzati\/\" \/>\n<meta property=\"og:site_name\" content=\"D\u00e9co Fleurs Fiori Artificiali\" \/>\n<meta property=\"article:publisher\" content=\"https:\/\/www.facebook.com\/FioriArtificialiRoma\/\" \/>\n<meta property=\"article:modified_time\" content=\"2025-06-19T10:55:33+00:00\" \/>\n<meta name=\"twitter:card\" content=\"summary_large_image\" \/>\n<meta name=\"twitter:label1\" content=\"Estimated reading time\" \/>\n\t<meta name=\"twitter:data1\" content=\"2 minutes\" \/>\n<script type=\"application\/ld+json\" class=\"yoast-schema-graph\">{\"@context\":\"https:\\\/\\\/schema.org\",\"@graph\":[{\"@type\":\"WebPage\",\"@id\":\"https:\\\/\\\/wpeventi.it\\\/fiori-stabilizzati\\\/\",\"url\":\"https:\\\/\\\/wpeventi.it\\\/fiori-stabilizzati\\\/\",\"name\":\"Fiori Stabilizzati - D\u00e9co Fleurs Fiori Artificiali\",\"isPartOf\":{\"@id\":\"https:\\\/\\\/wpeventi.it\\\/#website\"},\"datePublished\":\"2022-05-24T12:44:28+00:00\",\"dateModified\":\"2025-06-19T10:55:33+00:00\",\"breadcrumb\":{\"@id\":\"https:\\\/\\\/wpeventi.it\\\/fiori-stabilizzati\\\/#breadcrumb\"},\"inLanguage\":\"en-GB\",\"potentialAction\":[{\"@type\":\"ReadAction\",\"target\":[\"https:\\\/\\\/wpeventi.it\\\/fiori-stabilizzati\\\/\"]}]},{\"@type\":\"BreadcrumbList\",\"@id\":\"https:\\\/\\\/wpeventi.it\\\/fiori-stabilizzati\\\/#breadcrumb\",\"itemListElement\":[{\"@type\":\"ListItem\",\"position\":1,\"name\":\"Home\",\"item\":\"https:\\\/\\\/wpeventi.it\\\/\"},{\"@type\":\"ListItem\",\"position\":2,\"name\":\"Fiori Stabilizzati\"}]},{\"@type\":\"WebSite\",\"@id\":\"https:\\\/\\\/wpeventi.it\\\/#website\",\"url\":\"https:\\\/\\\/wpeventi.it\\\/\",\"name\":\"D\u00e9co Fleurs Fiori Artificiali\",\"description\":\"FIORI ARTIFICIALI Real Touch di altissima qualit\u00e0 che garantiscono un effetto permanente di straordinaria efficacia in grado di arredare il tuo habitat.\",\"publisher\":{\"@id\":\"https:\\\/\\\/wpeventi.it\\\/#organization\"},\"potentialAction\":[{\"@type\":\"SearchAction\",\"target\":{\"@type\":\"EntryPoint\",\"urlTemplate\":\"https:\\\/\\\/wpeventi.it\\\/?s={search_term_string}\"},\"query-input\":{\"@type\":\"PropertyValueSpecification\",\"valueRequired\":true,\"valueName\":\"search_term_string\"}}],\"inLanguage\":\"en-GB\"},{\"@type\":\"Organization\",\"@id\":\"https:\\\/\\\/wpeventi.it\\\/#organization\",\"name\":\"D\u00e9co Fleurs Fiori Artificiali\",\"url\":\"https:\\\/\\\/wpeventi.it\\\/\",\"logo\":{\"@type\":\"ImageObject\",\"inLanguage\":\"en-GB\",\"@id\":\"https:\\\/\\\/wpeventi.it\\\/#\\\/schema\\\/logo\\\/image\\\/\",\"url\":\"https:\\\/\\\/wpeventi.it\\\/wp-content\\\/uploads\\\/2022\\\/05\\\/Logo_Deco_Fleurs_Roma2_copia_410x.webp\",\"contentUrl\":\"https:\\\/\\\/wpeventi.it\\\/wp-content\\\/uploads\\\/2022\\\/05\\\/Logo_Deco_Fleurs_Roma2_copia_410x.webp\",\"width\":398,\"height\":182,\"caption\":\"D\u00e9co Fleurs Fiori Artificiali\"},\"image\":{\"@id\":\"https:\\\/\\\/wpeventi.it\\\/#\\\/schema\\\/logo\\\/image\\\/\"},\"sameAs\":[\"https:\\\/\\\/www.facebook.com\\\/FioriArtificialiRoma\\\/\",\"https:\\\/\\\/www.instagram.com\\\/decofleursroma\\\/?hl=it\",\"https:\\\/\\\/www.pinterest.fr\\\/DecoFleursRoma\\\/\"]}]}<\/script>\n<!-- \/ Yoast SEO plugin. -->","yoast_head_json":{"title":"Fiori Stabilizzati - D\u00e9co Fleurs Fiori Artificiali","robots":{"index":"index","follow":"follow","max-snippet":"max-snippet:-1","max-image-preview":"max-image-preview:large","max-video-preview":"max-video-preview:-1"},"canonical":"https:\/\/wpeventi.it\/en\/fiori-stabilizzati\/","og_locale":"en_GB","og_type":"article","og_title":"Fiori Stabilizzati - D\u00e9co Fleurs Fiori Artificiali","og_description":"Fiori StabilizzatiBellezza Naturale che Dura nel TempoI fiori stabilizzati D\u00e9co Fleurs sono veri fiori, trattati con un esclusivo processo che ne conserva intatta la bellezza per anni. Morbidi al tatto, impeccabili alla vista, non richiedono acqua n\u00e9 manutenzione. Basta evitare luce diretta e umidit\u00e0. Una delicata spolverata ogni tanto ne manterr\u00e0 intatto lo splendore. Ogni [&hellip;]","og_url":"https:\/\/wpeventi.it\/en\/fiori-stabilizzati\/","og_site_name":"D\u00e9co Fleurs Fiori Artificiali","article_publisher":"https:\/\/www.facebook.com\/FioriArtificialiRoma\/","article_modified_time":"2025-06-19T10:55:33+00:00","twitter_card":"summary_large_image","twitter_misc":{"Estimated reading time":"2 minutes"},"schema":{"@context":"https:\/\/schema.org","@graph":[{"@type":"WebPage","@id":"https:\/\/wpeventi.it\/fiori-stabilizzati\/","url":"https:\/\/wpeventi.it\/fiori-stabilizzati\/","name":"Fiori Stabilizzati - D\u00e9co Fleurs Fiori Artificiali","isPartOf":{"@id":"https:\/\/wpeventi.it\/#website"},"datePublished":"2022-05-24T12:44:28+00:00","dateModified":"2025-06-19T10:55:33+00:00","breadcrumb":{"@id":"https:\/\/wpeventi.it\/fiori-stabilizzati\/#breadcrumb"},"inLanguage":"en-GB","potentialAction":[{"@type":"ReadAction","target":["https:\/\/wpeventi.it\/fiori-stabilizzati\/"]}]},{"@type":"BreadcrumbList","@id":"https:\/\/wpeventi.it\/fiori-stabilizzati\/#breadcrumb","itemListElement":[{"@type":"ListItem","position":1,"name":"Home","item":"https:\/\/wpeventi.it\/"},{"@type":"ListItem","position":2,"name":"Fiori Stabilizzati"}]},{"@type":"WebSite","@id":"https:\/\/wpeventi.it\/#website","url":"https:\/\/wpeventi.it\/","name":"D\u00e9co Fleurs Fiori Artificiali","description":"FIORI ARTIFICIALI Real Touch di altissima qualit\u00e0 che garantiscono un effetto permanente di straordinaria efficacia in grado di arredare il tuo habitat.","publisher":{"@id":"https:\/\/wpeventi.it\/#organization"},"potentialAction":[{"@type":"SearchAction","target":{"@type":"EntryPoint","urlTemplate":"https:\/\/wpeventi.it\/?s={search_term_string}"},"query-input":{"@type":"PropertyValueSpecification","valueRequired":true,"valueName":"search_term_string"}}],"inLanguage":"en-GB"},{"@type":"Organization","@id":"https:\/\/wpeventi.it\/#organization","name":"D\u00e9co Fleurs Fiori Artificiali","url":"https:\/\/wpeventi.it\/","logo":{"@type":"ImageObject","inLanguage":"en-GB","@id":"https:\/\/wpeventi.it\/#\/schema\/logo\/image\/","url":"https:\/\/wpeventi.it\/wp-content\/uploads\/2022\/05\/Logo_Deco_Fleurs_Roma2_copia_410x.webp","contentUrl":"https:\/\/wpeventi.it\/wp-content\/uploads\/2022\/05\/Logo_Deco_Fleurs_Roma2_copia_410x.webp","width":398,"height":182,"caption":"D\u00e9co Fleurs Fiori Artificiali"},"image":{"@id":"https:\/\/wpeventi.it\/#\/schema\/logo\/image\/"},"sameAs":["https:\/\/www.facebook.com\/FioriArtificialiRoma\/","https:\/\/www.instagram.com\/decofleursroma\/?hl=it","https:\/\/www.pinterest.fr\/DecoFleursRoma\/"]}]}},"_links":{"self":[{"href":"https:\/\/wpeventi.it\/en\/wp-json\/wp\/v2\/pages\/245","targetHints":{"allow":["GET"]}}],"collection":[{"href":"https:\/\/wpeventi.it\/en\/wp-json\/wp\/v2\/pages"}],"about":[{"href":"https:\/\/wpeventi.it\/en\/wp-json\/wp\/v2\/types\/page"}],"author":[{"embeddable":true,"href":"https:\/\/wpeventi.it\/en\/wp-json\/wp\/v2\/users\/1"}],"replies":[{"embeddable":true,"href":"https:\/\/wpeventi.it\/en\/wp-json\/wp\/v2\/comments?post=245"}],"version-history":[{"count":19,"href":"https:\/\/wpeventi.it\/en\/wp-json\/wp\/v2\/pages\/245\/revisions"}],"predecessor-version":[{"id":738,"href":"https:\/\/wpeventi.it\/en\/wp-json\/wp\/v2\/pages\/245\/revisions\/738"}],"wp:attachment":[{"href":"https:\/\/wpeventi.it\/en\/wp-json\/wp\/v2\/media?parent=245"}],"curies":[{"name":"wp","href":"https:\/\/api.w.org\/{rel}","templated":true}]}}